{"id":425212,"date":"2018-05-20T20:02:36","date_gmt":"2018-05-20T18:02:36","guid":{"rendered":"http:\/\/greenrosefaire.com\/medieval-folk-fest-2018\/"},"modified":"2020-04-07T22:22:11","modified_gmt":"2020-04-07T20:22:11","slug":"medieval-folk-fest-2018","status":"publish","type":"page","link":"https:\/\/greenrosefaire.com\/en\/medieval-folk-fest-2018\/","title":{"rendered":"Medieval Folk Fest 2018, Tampere"},"content":{"rendered":"<p>[GDC_row]<br \/>\n[GDC_column size=&#8221;half&#8221;]<\/p>\n<p>The seventh Medieval Folk Fest will be held on 28th to 29th July at Tampere <a href=\"http:\/\/www.tallipiha.fi\/en\">Stable Yards<\/a>. This family-friendly free event offers up-beat music, handicraft merchants, and all the usual attractions of the Stable Yards. Welcome!<\/p>\n<h2>Program<\/h2>\n<p><strong>Saturday 28th July<\/strong><br \/>\n11:00 The market opens<br \/>\n12:00 Nest &#8211; Atmospheric Acoustic Ambient<br \/>\n13:00 H\u00e4rk\u00e4tien Leikarit<br \/>\n14:00 Kangasalan balladipelimannit<br \/>\n15:00 Anza Maloney &amp; The Scum Orchestra<br \/>\n16:00 <del datetime=\"2018-07-27T19:39:02+00:00\">O\u2019Rives<\/del> canceled, to be replaced by Neal O&#8217;Sirola<br \/>\n17:00 Greenrose Faire<br \/>\n18:00 The market closes<\/p>\n<p><strong>Sunday 29th July<\/strong><br \/>\n11.00 The market opens<br \/>\n12:00 H\u00e4rk\u00e4tien Leikarit<br \/>\n13:00 Mamyth<br \/>\n14:00 Sorrowhearts<br \/>\n15:00 Greenrose Faire<br \/>\n16:00 The market closes<\/p>\n<p>[\/GDC_column][GDC_column size=&#8221;half&#8221;]<\/p>\n<div id=\"attachment_425764\" style=\"width: 857px\" class=\"wp-caption alignnone\"><img fetchpriority=\"high\" decoding=\"async\" aria-describedby=\"caption-attachment-425764\" class=\"size-large wp-image-425764\" src=\"http:\/\/greenrosefaire.com\/wp-content\/uploads\/2016-07-30-16.17.04-960x720.jpg\" alt=\"\" width=\"847\" height=\"635\" srcset=\"https:\/\/greenrosefaire.com\/wp-content\/uploads\/2016-07-30-16.17.04-960x720.jpg 960w, https:\/\/greenrosefaire.com\/wp-content\/uploads\/2016-07-30-16.17.04-600x450.jpg 600w, https:\/\/greenrosefaire.com\/wp-content\/uploads\/2016-07-30-16.17.04-300x225.jpg 300w, https:\/\/greenrosefaire.com\/wp-content\/uploads\/2016-07-30-16.17.04-768x576.jpg 768w\" sizes=\"(max-width: 847px) 100vw, 847px\" \/><p id=\"caption-attachment-425764\" class=\"wp-caption-text\">O&#8217;Rives performing at the fest in 2016<\/p><\/div>\n<div id=\"attachment_425762\" style=\"width: 857px\" class=\"wp-caption alignnone\"><img decoding=\"async\" aria-describedby=\"caption-attachment-425762\" class=\"size-large wp-image-425762\" src=\"http:\/\/greenrosefaire.com\/wp-content\/uploads\/sikaaa-960x720.jpg\" alt=\"\" width=\"847\" height=\"635\" srcset=\"https:\/\/greenrosefaire.com\/wp-content\/uploads\/sikaaa.jpg 960w, https:\/\/greenrosefaire.com\/wp-content\/uploads\/sikaaa-600x450.jpg 600w, https:\/\/greenrosefaire.com\/wp-content\/uploads\/sikaaa-300x225.jpg 300w, https:\/\/greenrosefaire.com\/wp-content\/uploads\/sikaaa-768x576.jpg 768w\" sizes=\"(max-width: 847px) 100vw, 847px\" \/><p id=\"caption-attachment-425762\" class=\"wp-caption-text\">This year there&#8217;s some roasted pig if you get peckish<\/p><\/div>\n<p>[\/GDC_column]<br \/>\n[\/GDC_row]<\/p>\n<h2>Performers<\/h2>\n<p>[GDC_row]<br \/>\n[GDC_column size=&#8221;half&#8221;]<\/p>\n<h3>Greenrose Faire<\/h3>\n<p><img decoding=\"async\" class=\"alignright size-large wp-image-292994\" src=\"http:\/\/greenrosefaire.com\/wp-content\/uploads\/grf-banner-sparkly-2017-960x601.jpg\" alt=\"Greenrose Faire, photo: Pauli Borodulin\" width=\"960\" height=\"601\" srcset=\"https:\/\/greenrosefaire.com\/wp-content\/uploads\/grf-banner-sparkly-2017-960x601.jpg 960w, https:\/\/greenrosefaire.com\/wp-content\/uploads\/grf-banner-sparkly-2017-600x376.jpg 600w, https:\/\/greenrosefaire.com\/wp-content\/uploads\/grf-banner-sparkly-2017-300x188.jpg 300w, https:\/\/greenrosefaire.com\/wp-content\/uploads\/grf-banner-sparkly-2017-768x481.jpg 768w, https:\/\/greenrosefaire.com\/wp-content\/uploads\/grf-banner-sparkly-2017.jpg 2000w\" sizes=\"(max-width: 960px) 100vw, 960px\" \/><\/p>\n<p>The hosts of the festival, <a href=\"http:\/\/greenrosefaire.com\/\">Greenrose Faire<\/a> plays rousing Celtic folk rock with head-bobbing, toe-tapping rock feel. The Finnish sextet meshes mandolins and violin with rock drums and bass and symphonic synths, and spikes the rollicking attitude with the slightly ominous overtones of Finnish melancholy. Greenrose Faire sounds lively and modern but still tugs at the nostalgia strings for the long-gone days of yore.<\/p>\n<p>This weekend is also the first chance to hear songs from the brand new fourth album &#8220;<a href=\"http:\/\/greenrosefaire.com\/en\/music\/riders-in-the-night-2018\/\">Riders in the Night<\/a>&#8221; performed live.<\/p>\n<p><a href=\"http:\/\/greenrosefaire.com\/\">www.greenrosefaire.com<\/a><br \/>\n<a href=\"https:\/\/www.facebook.com\/greenrosefaire\/\">facebook.com\/greenrosefaire<\/a><\/p>\n<p>[\/GDC_column][GDC_column size=&#8221;half&#8221;]<\/p>\n<h3>Mamyth<\/h3>\n<p><a href=\"http:\/\/greenrosefaire.com\/wp-content\/uploads\/h800-165984stGGg3fY.jpg\"><img loading=\"lazy\" decoding=\"async\" class=\"alignright size-medium wp-image-425707\" src=\"http:\/\/greenrosefaire.com\/wp-content\/uploads\/h800-165984stGGg3fY-220x300.jpg\" alt=\"Mamyth\" width=\"220\" height=\"300\" srcset=\"https:\/\/greenrosefaire.com\/wp-content\/uploads\/h800-165984stGGg3fY-220x300.jpg 220w, https:\/\/greenrosefaire.com\/wp-content\/uploads\/h800-165984stGGg3fY-600x819.jpg 600w, https:\/\/greenrosefaire.com\/wp-content\/uploads\/h800-165984stGGg3fY-768x1048.jpg 768w, https:\/\/greenrosefaire.com\/wp-content\/uploads\/h800-165984stGGg3fY-750x1024.jpg 750w, https:\/\/greenrosefaire.com\/wp-content\/uploads\/h800-165984stGGg3fY.jpg 806w\" sizes=\"(max-width: 220px) 100vw, 220px\" \/><\/a><br \/>\nCombining modern and ancient musical worlds, <a href=\"http:\/\/www.mamythmusik.com\">Mamyth<\/a> takes you to a trip through a beautiful fairytale and traditional Finnish runo singing. An adventure with different instruments, musical styles and different eras \u2013 the band calls forth a strong feeling and endless imagination. Mamyth\u2019s instruments are kantele, recorder, synthesizer, bass, drums, percussions and polyphonic singing. Intensive melodies and rhythms together with the combination of ethnic music and ancient tradition will give you an unforgettable experience.<\/p>\n<p><a href=\"http:\/\/www.mamythmusik.com\/\">www.mamythmusik.com<\/a><br \/>\n<a href=\"https:\/\/www.facebook.com\/mamythmusik\/\">facebook.com\/mamythmusik<\/a><\/p>\n<p>[\/GDC_column]<br \/>\n[\/GDC_row]<br \/>\n[GDC_row]<br \/>\n[GDC_column size=&#8221;half&#8221;]<\/p>\n<h3>Sorrowhearts<\/h3>\n<p><img loading=\"lazy\" decoding=\"async\" class=\"alignnone size-large wp-image-425716\" src=\"http:\/\/greenrosefaire.com\/wp-content\/uploads\/sorrowhearts-2-960x655.jpg\" alt=\"\" width=\"847\" height=\"578\" srcset=\"https:\/\/greenrosefaire.com\/wp-content\/uploads\/sorrowhearts-2-960x655.jpg 960w, https:\/\/greenrosefaire.com\/wp-content\/uploads\/sorrowhearts-2-600x409.jpg 600w, https:\/\/greenrosefaire.com\/wp-content\/uploads\/sorrowhearts-2-300x205.jpg 300w, https:\/\/greenrosefaire.com\/wp-content\/uploads\/sorrowhearts-2-768x524.jpg 768w, https:\/\/greenrosefaire.com\/wp-content\/uploads\/sorrowhearts-2.jpg 2048w\" sizes=\"(max-width: 847px) 100vw, 847px\" \/><br \/>\nIf you thought you have seen it all then think again! Big men in kilts have at it on the stage and serve a broadside of their power folk. This is the band that wasn\u2019t there when the brake pedals were handed out.<\/p>\n<p><a href=\"https:\/\/facebook.com\/sorrowheartsofficial\">facebook.com\/sorrowheartsofficial<\/a><\/p>\n<p>[\/GDC_column]<br \/>\n[GDC_column size=&#8221;half&#8221;]<\/p>\n<h3>H\u00e4rk\u00e4tien leikarit<\/h3>\n<p><img loading=\"lazy\" decoding=\"async\" class=\"alignnone size-large wp-image-425710\" src=\"http:\/\/greenrosefaire.com\/wp-content\/uploads\/leikarit-1-960x643.jpg\" alt=\"H\u00e4rk\u00e4tien leikarit\" width=\"847\" height=\"567\" srcset=\"https:\/\/greenrosefaire.com\/wp-content\/uploads\/leikarit-1-960x643.jpg 960w, https:\/\/greenrosefaire.com\/wp-content\/uploads\/leikarit-1-600x402.jpg 600w, https:\/\/greenrosefaire.com\/wp-content\/uploads\/leikarit-1-300x201.jpg 300w, https:\/\/greenrosefaire.com\/wp-content\/uploads\/leikarit-1-768x514.jpg 768w, https:\/\/greenrosefaire.com\/wp-content\/uploads\/leikarit-1.jpg 1936w\" sizes=\"(max-width: 847px) 100vw, 847px\" \/><\/p>\n<p><a href=\"https:\/\/www.facebook.com\/harkatienleikarit\">H\u00e4rk\u00e4tien leikarit<\/a> plays medieval market music from all round the Europe, taking you on a musical journey from the Ox Road to Flanders, France and Italy. H\u00e4rk\u00e4tien Leikarit has preformed widely in private occasions as well as the medieval faires in Turku, H\u00e4meenlinna, Hollola and Tallinn.<\/p>\n<p>[\/GDC_column]<br \/>\n[\/GDC_row]<br \/>\n[GDC_row]<br \/>\n[GDC_column size=&#8221;half&#8221;]<\/p>\n<h3>O&#8217;Rives<\/h3>\n<p><img loading=\"lazy\" decoding=\"async\" class=\"alignnone size-full wp-image-7257\" src=\"http:\/\/greenrosefaire.com\/wp-content\/uploads\/orives.jpg\" alt=\"\" width=\"582\" height=\"327\" srcset=\"https:\/\/greenrosefaire.com\/wp-content\/uploads\/orives.jpg 582w, https:\/\/greenrosefaire.com\/wp-content\/uploads\/orives-300x169.jpg 300w\" sizes=\"(max-width: 582px) 100vw, 582px\" \/><br \/>\n<a href=\"http:\/\/www.orives.net\/\">O&#8217;Rives<\/a> from Orivesi plays mostly Irish folk music. Their repertoire has rapid reels and jigs, not to forget ballads and pub songs. They might also add a touch of Finnish folk music played in Irish style, and Irish folk music sung in Finnish.<\/p>\n<p><a href=\"http:\/\/www.orives.net\/\">www.orives.net<\/a><\/p>\n<p>[\/GDC_column]<br \/>\n[GDC_column size=&#8221;half&#8221;]<\/p>\n<h3>Nest<\/h3>\n<p><img loading=\"lazy\" decoding=\"async\" class=\"alignnone size-large wp-image-425724\" src=\"http:\/\/greenrosefaire.com\/wp-content\/uploads\/Nest-PromoPic-960x540.jpg\" alt=\"\" width=\"847\" height=\"476\" srcset=\"https:\/\/greenrosefaire.com\/wp-content\/uploads\/Nest-PromoPic-960x540.jpg 960w, https:\/\/greenrosefaire.com\/wp-content\/uploads\/Nest-PromoPic-600x338.jpg 600w, https:\/\/greenrosefaire.com\/wp-content\/uploads\/Nest-PromoPic-300x169.jpg 300w, https:\/\/greenrosefaire.com\/wp-content\/uploads\/Nest-PromoPic-768x432.jpg 768w, https:\/\/greenrosefaire.com\/wp-content\/uploads\/Nest-PromoPic.jpg 1920w\" sizes=\"(max-width: 847px) 100vw, 847px\" \/><br \/>\nThe mystery of the untamed wilds, the stories travelers bring with them when they return to their homes, and the tales that the trees and the animals themselves might tell should they speak our language. These are given life and cast into music with the aid of the traditional Finnish string instrument &#8211; the kantele. This beautiful lap harp has been with the Finnish people for thousands of years, and its sound has accompanied us through all the joys and sorrows of the ages. A.T. of <a href=\"www.facebook.com\/nestfinland\">Nest<\/a> has built the kanteles used in Nest himself, as was the way of the kantele players of old. This instrument is joined with others such a shaman drums from lapland, and various synthetics elements to create a mystical soundscape that is meant to engage the imagination and take the listener on a journey that will not be easily forgotten.<\/p>\n<p><a href=\"http:\/\/www.facebook.com\/nestfinland\">www.facebook.com\/nestfinland<\/a><br \/>\n<a href=\"http:\/\/nestfin.bandcamp.com\">nestfin.bandcamp.com<\/a><\/p>\n<p>[\/GDC_column]<br \/>\n[\/GDC_row]<\/p>\n<p>[GDC_row]<br \/>\n[GDC_column size=&#8221;half&#8221;]<\/p>\n<h3>Kangasalan balladipelimannit<\/h3>\n<p><a href=\"http:\/\/greenrosefaire.com\/wp-content\/uploads\/13711490_10153945227737917_261897950_o.jpg\"><img loading=\"lazy\" decoding=\"async\" class=\"alignright size-medium wp-image-290886\" src=\"http:\/\/greenrosefaire.com\/wp-content\/uploads\/13711490_10153945227737917_261897950_o-300x200.jpg\" alt=\"\" width=\"300\" height=\"200\" srcset=\"https:\/\/greenrosefaire.com\/wp-content\/uploads\/13711490_10153945227737917_261897950_o-300x200.jpg 300w, https:\/\/greenrosefaire.com\/wp-content\/uploads\/13711490_10153945227737917_261897950_o-600x400.jpg 600w, https:\/\/greenrosefaire.com\/wp-content\/uploads\/13711490_10153945227737917_261897950_o-768x512.jpg 768w, https:\/\/greenrosefaire.com\/wp-content\/uploads\/13711490_10153945227737917_261897950_o-960x640.jpg 960w, https:\/\/greenrosefaire.com\/wp-content\/uploads\/13711490_10153945227737917_261897950_o.jpg 1800w\" sizes=\"(max-width: 300px) 100vw, 300px\" \/><\/a><br \/>\n\u201cThe Ballad Fiddlers of Kangasala\u201d were founded in 1972. The band\u2019s instrument selection includes violins, mandolins, double bass, guitar and harmonium, and they play folk music from Finland, Sweden, Ireland and America to name few. Some band members also compose new folk music. Over the past 44 years they have played on most of Finland\u2019s folk festivals and also visited Belgium and Denmark.<br \/>\n[\/GDC_column]<\/p>\n<p>[GDC_column size=&#8221;half&#8221;]<\/p>\n<h3>Anza Maloney &amp; The Scum Orchestra<\/h3>\n<p><img loading=\"lazy\" decoding=\"async\" class=\"alignnone size-large wp-image-425720\" src=\"http:\/\/greenrosefaire.com\/wp-content\/uploads\/anza-960x640.jpg\" alt=\"Anza Maloney &amp; the Scum Orchestra\" width=\"847\" height=\"565\" srcset=\"https:\/\/greenrosefaire.com\/wp-content\/uploads\/anza-960x640.jpg 960w, https:\/\/greenrosefaire.com\/wp-content\/uploads\/anza-600x400.jpg 600w, https:\/\/greenrosefaire.com\/wp-content\/uploads\/anza-300x200.jpg 300w, https:\/\/greenrosefaire.com\/wp-content\/uploads\/anza-768x512.jpg 768w, https:\/\/greenrosefaire.com\/wp-content\/uploads\/anza.jpg 1200w\" sizes=\"(max-width: 847px) 100vw, 847px\" \/><\/p>\n<p>The energetic and cheerful The Scum Orchestra led by Anza Maloney brings in a whisk of old-timey folk punk. The band is currently preparing for their debut album and therefore does only a few gigs during the summer. So now is the perfect opportunity to take some dance steps and party on!<\/p>\n<p><a href=\"http:\/\/www.facebook.com\/anzamaloney\">www.facebook.com\/anzamaloney<\/a><\/p>\n<p>[\/GDC_column]<br \/>\n[\/GDC_row]<\/p>\n<h2>Memories from previous years<\/h2>\n<p><span class=\"embed-youtube\" style=\"text-align:center; display: block;\"><iframe class=\"youtube-player\" width=\"900\" height=\"507\" src=\"https:\/\/www.youtube.com\/embed\/6keb6MQ8oQI?version=3&#038;rel=1&#038;showsearch=0&#038;showinfo=1&#038;iv_load_policy=1&#038;fs=1&#038;hl=en-US&#038;autohide=2&#038;wmode=transparent\" allowfullscreen=\"true\" style=\"border:0;\" sandbox=\"allow-scripts allow-same-origin allow-popups allow-presentation allow-popups-to-escape-sandbox\"><\/iframe><\/span><\/p>\n<p>See the previous year&#8217;s pages from the archive:<br \/>\n<a href=\"http:\/\/greenrosefaire.com\/en\/medieval-folk-fest-2017-tampere\/\">Medieval Folk Fest V<\/a><br \/>\n<a href=\"http:\/\/greenrosefaire.com\/en\/medieval-folk-fest-2016-tampere\/\">Medieval Folk Fest V<\/a><br \/>\n<a href=\"http:\/\/greenrosefaire.com\/en\/medieval-folk-fest-2015-tampere\/\">Medieval Folk Fest IV<\/a><br \/>\n<a href=\"http:\/\/greenrosefaire.com\/en\/medieval-folk-fest-2014-tampere\/\">Medieval Folk Fest III<\/a><br \/>\n<a href=\"http:\/\/greenrosefaire.com\/en\/medieval-folk-fest-ii\/\">Medieval Folk Fest II<\/a><br \/>\n<a href=\"http:\/\/greenrosefaire.com\/en\/medieval-folk-fest-2010\/\">Medieval Folk Fest I<\/a><\/p>\n<h2>Additional information, merchant reservations, etc.<\/h2>\n<p>info(a)medievalfolk.com, Tomi Hyttinen p. 040\u20135454208<\/p>\n","protected":false},"excerpt":{"rendered":"<p>[GDC_row] [GDC_column size=&#8221;half&#8221;] The seventh Medieval Folk Fest will be held on 28th to 29th July at Tampere Stable Yards. This family-friendly free event offers up-beat music, handicraft merchants, and all the usual attractions of the Stable Yards. Welcome! Program&#8230;<\/p>\n","protected":false},"author":1,"featured_media":425210,"parent":0,"menu_order":0,"comment_status":"closed","ping_status":"closed","template":"template-onecolumn-folkfest2018.php","meta":{"cybocfi_hide_featured_image":"","footnotes":""},"class_list":["post-425212","page","type-page","status-publish","has-post-thumbnail","hentry"],"yoast_head":"<!-- This site is optimized with the Yoast SEO plugin v27.5 - https:\/\/yoast.com\/product\/yoast-seo-wordpress\/ -->\n<title>Greenrose Faire - Medieval Folk Fest 2018, Tampere<\/title>\n<meta name=\"robots\" content=\"index, follow, max-snippet:-1, max-image-preview:large, max-video-preview:-1\" \/>\n<link rel=\"canonical\" href=\"https:\/\/greenrosefaire.com\/en\/medieval-folk-fest-2018\/\" \/>\n<meta property=\"og:locale\" content=\"en_US\" \/>\n<meta property=\"og:type\" content=\"article\" \/>\n<meta property=\"og:title\" content=\"Greenrose Faire - Medieval Folk Fest 2018, Tampere\" \/>\n<meta property=\"og:description\" content=\"[GDC_row] [GDC_column size=&#8221;half&#8221;] The seventh Medieval Folk Fest will be held on 28th to 29th July at Tampere Stable Yards. This family-friendly free event offers up-beat music, handicraft merchants, and all the usual attractions of the Stable Yards. Welcome! Program...\" \/>\n<meta property=\"og:url\" content=\"https:\/\/greenrosefaire.com\/en\/medieval-folk-fest-2018\/\" \/>\n<meta property=\"og:site_name\" content=\"Greenrose Faire\" \/>\n<meta property=\"article:publisher\" content=\"https:\/\/www.facebook.com\/greenrosefaire\/\" \/>\n<meta property=\"article:modified_time\" content=\"2020-04-07T20:22:11+00:00\" \/>\n<meta property=\"og:image\" content=\"https:\/\/i0.wp.com\/greenrosefaire.com\/wp-content\/uploads\/folkfest-wp-header-1.png?fit=1170%2C215&ssl=1\" \/>\n\t<meta property=\"og:image:width\" content=\"1170\" \/>\n\t<meta property=\"og:image:height\" content=\"215\" \/>\n\t<meta property=\"og:image:type\" content=\"image\/png\" \/>\n<meta name=\"twitter:label1\" content=\"Est. reading time\" \/>\n\t<meta name=\"twitter:data1\" content=\"4 minutes\" \/>\n<script type=\"application\/ld+json\" class=\"yoast-schema-graph\">{\"@context\":\"https:\\\/\\\/schema.org\",\"@graph\":[{\"@type\":\"WebPage\",\"@id\":\"https:\\\/\\\/greenrosefaire.com\\\/en\\\/medieval-folk-fest-2018\\\/\",\"url\":\"https:\\\/\\\/greenrosefaire.com\\\/en\\\/medieval-folk-fest-2018\\\/\",\"name\":\"Greenrose Faire - Medieval Folk Fest 2018, Tampere\",\"isPartOf\":{\"@id\":\"https:\\\/\\\/greenrosefaire.com\\\/en\\\/#website\"},\"primaryImageOfPage\":{\"@id\":\"https:\\\/\\\/greenrosefaire.com\\\/en\\\/medieval-folk-fest-2018\\\/#primaryimage\"},\"image\":{\"@id\":\"https:\\\/\\\/greenrosefaire.com\\\/en\\\/medieval-folk-fest-2018\\\/#primaryimage\"},\"thumbnailUrl\":\"https:\\\/\\\/greenrosefaire.com\\\/wp-content\\\/uploads\\\/folkfest-wp-header-1.png\",\"datePublished\":\"2018-05-20T18:02:36+00:00\",\"dateModified\":\"2020-04-07T20:22:11+00:00\",\"inLanguage\":\"en-US\",\"potentialAction\":[{\"@type\":\"ReadAction\",\"target\":[\"https:\\\/\\\/greenrosefaire.com\\\/en\\\/medieval-folk-fest-2018\\\/\"]}]},{\"@type\":\"ImageObject\",\"inLanguage\":\"en-US\",\"@id\":\"https:\\\/\\\/greenrosefaire.com\\\/en\\\/medieval-folk-fest-2018\\\/#primaryimage\",\"url\":\"https:\\\/\\\/greenrosefaire.com\\\/wp-content\\\/uploads\\\/folkfest-wp-header-1.png\",\"contentUrl\":\"https:\\\/\\\/greenrosefaire.com\\\/wp-content\\\/uploads\\\/folkfest-wp-header-1.png\",\"width\":1170,\"height\":215},{\"@type\":\"WebSite\",\"@id\":\"https:\\\/\\\/greenrosefaire.com\\\/en\\\/#website\",\"url\":\"https:\\\/\\\/greenrosefaire.com\\\/en\\\/\",\"name\":\"Greenrose Faire\",\"description\":\"Official website\",\"publisher\":{\"@id\":\"https:\\\/\\\/greenrosefaire.com\\\/en\\\/#organization\"},\"potentialAction\":[{\"@type\":\"SearchAction\",\"target\":{\"@type\":\"EntryPoint\",\"urlTemplate\":\"https:\\\/\\\/greenrosefaire.com\\\/en\\\/?s={search_term_string}\"},\"query-input\":{\"@type\":\"PropertyValueSpecification\",\"valueRequired\":true,\"valueName\":\"search_term_string\"}}],\"inLanguage\":\"en-US\"},{\"@type\":\"Organization\",\"@id\":\"https:\\\/\\\/greenrosefaire.com\\\/en\\\/#organization\",\"name\":\"Greenrose Faire\",\"url\":\"https:\\\/\\\/greenrosefaire.com\\\/en\\\/\",\"logo\":{\"@type\":\"ImageObject\",\"inLanguage\":\"en-US\",\"@id\":\"https:\\\/\\\/greenrosefaire.com\\\/en\\\/#\\\/schema\\\/logo\\\/image\\\/\",\"url\":\"https:\\\/\\\/greenrosefaire.com\\\/wp-content\\\/uploads\\\/grf_ruusulakana_versio4.jpg\",\"contentUrl\":\"https:\\\/\\\/greenrosefaire.com\\\/wp-content\\\/uploads\\\/grf_ruusulakana_versio4.jpg\",\"width\":800,\"height\":800,\"caption\":\"Greenrose Faire\"},\"image\":{\"@id\":\"https:\\\/\\\/greenrosefaire.com\\\/en\\\/#\\\/schema\\\/logo\\\/image\\\/\"},\"sameAs\":[\"https:\\\/\\\/www.facebook.com\\\/greenrosefaire\\\/\",\"https:\\\/\\\/www.instagram.com\\\/greenrosefaireofficial\\\/\",\"https:\\\/\\\/www.youtube.com\\\/user\\\/greenrosefaire\"]}]}<\/script>\n<!-- \/ Yoast SEO plugin. -->","yoast_head_json":{"title":"Greenrose Faire - Medieval Folk Fest 2018, Tampere","robots":{"index":"index","follow":"follow","max-snippet":"max-snippet:-1","max-image-preview":"max-image-preview:large","max-video-preview":"max-video-preview:-1"},"canonical":"https:\/\/greenrosefaire.com\/en\/medieval-folk-fest-2018\/","og_locale":"en_US","og_type":"article","og_title":"Greenrose Faire - Medieval Folk Fest 2018, Tampere","og_description":"[GDC_row] [GDC_column size=&#8221;half&#8221;] The seventh Medieval Folk Fest will be held on 28th to 29th July at Tampere Stable Yards. This family-friendly free event offers up-beat music, handicraft merchants, and all the usual attractions of the Stable Yards. Welcome! Program...","og_url":"https:\/\/greenrosefaire.com\/en\/medieval-folk-fest-2018\/","og_site_name":"Greenrose Faire","article_publisher":"https:\/\/www.facebook.com\/greenrosefaire\/","article_modified_time":"2020-04-07T20:22:11+00:00","og_image":[{"width":1170,"height":215,"url":"https:\/\/i0.wp.com\/greenrosefaire.com\/wp-content\/uploads\/folkfest-wp-header-1.png?fit=1170%2C215&ssl=1","type":"image\/png"}],"twitter_misc":{"Est. reading time":"4 minutes"},"schema":{"@context":"https:\/\/schema.org","@graph":[{"@type":"WebPage","@id":"https:\/\/greenrosefaire.com\/en\/medieval-folk-fest-2018\/","url":"https:\/\/greenrosefaire.com\/en\/medieval-folk-fest-2018\/","name":"Greenrose Faire - Medieval Folk Fest 2018, Tampere","isPartOf":{"@id":"https:\/\/greenrosefaire.com\/en\/#website"},"primaryImageOfPage":{"@id":"https:\/\/greenrosefaire.com\/en\/medieval-folk-fest-2018\/#primaryimage"},"image":{"@id":"https:\/\/greenrosefaire.com\/en\/medieval-folk-fest-2018\/#primaryimage"},"thumbnailUrl":"https:\/\/greenrosefaire.com\/wp-content\/uploads\/folkfest-wp-header-1.png","datePublished":"2018-05-20T18:02:36+00:00","dateModified":"2020-04-07T20:22:11+00:00","inLanguage":"en-US","potentialAction":[{"@type":"ReadAction","target":["https:\/\/greenrosefaire.com\/en\/medieval-folk-fest-2018\/"]}]},{"@type":"ImageObject","inLanguage":"en-US","@id":"https:\/\/greenrosefaire.com\/en\/medieval-folk-fest-2018\/#primaryimage","url":"https:\/\/greenrosefaire.com\/wp-content\/uploads\/folkfest-wp-header-1.png","contentUrl":"https:\/\/greenrosefaire.com\/wp-content\/uploads\/folkfest-wp-header-1.png","width":1170,"height":215},{"@type":"WebSite","@id":"https:\/\/greenrosefaire.com\/en\/#website","url":"https:\/\/greenrosefaire.com\/en\/","name":"Greenrose Faire","description":"Official website","publisher":{"@id":"https:\/\/greenrosefaire.com\/en\/#organization"},"potentialAction":[{"@type":"SearchAction","target":{"@type":"EntryPoint","urlTemplate":"https:\/\/greenrosefaire.com\/en\/?s={search_term_string}"},"query-input":{"@type":"PropertyValueSpecification","valueRequired":true,"valueName":"search_term_string"}}],"inLanguage":"en-US"},{"@type":"Organization","@id":"https:\/\/greenrosefaire.com\/en\/#organization","name":"Greenrose Faire","url":"https:\/\/greenrosefaire.com\/en\/","logo":{"@type":"ImageObject","inLanguage":"en-US","@id":"https:\/\/greenrosefaire.com\/en\/#\/schema\/logo\/image\/","url":"https:\/\/greenrosefaire.com\/wp-content\/uploads\/grf_ruusulakana_versio4.jpg","contentUrl":"https:\/\/greenrosefaire.com\/wp-content\/uploads\/grf_ruusulakana_versio4.jpg","width":800,"height":800,"caption":"Greenrose Faire"},"image":{"@id":"https:\/\/greenrosefaire.com\/en\/#\/schema\/logo\/image\/"},"sameAs":["https:\/\/www.facebook.com\/greenrosefaire\/","https:\/\/www.instagram.com\/greenrosefaireofficial\/","https:\/\/www.youtube.com\/user\/greenrosefaire"]}]}},"jetpack_sharing_enabled":true,"_links":{"self":[{"href":"https:\/\/greenrosefaire.com\/en\/wp-json\/wp\/v2\/pages\/425212","targetHints":{"allow":["GET"]}}],"collection":[{"href":"https:\/\/greenrosefaire.com\/en\/wp-json\/wp\/v2\/pages"}],"about":[{"href":"https:\/\/greenrosefaire.com\/en\/wp-json\/wp\/v2\/types\/page"}],"author":[{"embeddable":true,"href":"https:\/\/greenrosefaire.com\/en\/wp-json\/wp\/v2\/users\/1"}],"replies":[{"embeddable":true,"href":"https:\/\/greenrosefaire.com\/en\/wp-json\/wp\/v2\/comments?post=425212"}],"version-history":[{"count":9,"href":"https:\/\/greenrosefaire.com\/en\/wp-json\/wp\/v2\/pages\/425212\/revisions"}],"predecessor-version":[{"id":442651,"href":"https:\/\/greenrosefaire.com\/en\/wp-json\/wp\/v2\/pages\/425212\/revisions\/442651"}],"wp:featuredmedia":[{"embeddable":true,"href":"https:\/\/greenrosefaire.com\/en\/wp-json\/wp\/v2\/media\/425210"}],"wp:attachment":[{"href":"https:\/\/greenrosefaire.com\/en\/wp-json\/wp\/v2\/media?parent=425212"}],"curies":[{"name":"wp","href":"https:\/\/api.w.org\/{rel}","templated":true}]}}